{"id":36,"date":"2023-10-05T15:47:09","date_gmt":"2023-10-05T15:47:09","guid":{"rendered":"https:\/\/wp.arrensdesign.com\/index.php\/home\/"},"modified":"2024-12-10T08:24:06","modified_gmt":"2024-12-10T08:24:06","slug":"home","status":"publish","type":"page","link":"https:\/\/www.arrensdesign.com\/","title":{"rendered":"Hem"},"content":{"rendered":"\t\t<div data-elementor-type=\"wp-page\" data-elementor-id=\"36\" class=\"elementor elementor-36\">\n\t\t\t\t<div class=\"elementor-element elementor-element-20e8f96 e-flex e-con-boxed e-con e-parent\" data-id=\"20e8f96\" data-element_type=\"container\" data-settings=\"{&quot;background_background&quot;:&quot;classic&quot;}\">\n\t\t\t\t\t<div class=\"e-con-inner\">\n\t\t\t\t<div class=\"elementor-element elementor-element-c94abb9 elementor-widget elementor-widget-spacer\" data-id=\"c94abb9\" data-element_type=\"widget\" data-widget_type=\"spacer.default\">\n\t\t\t\t<div class=\"elementor-widget-container\">\n\t\t\t\t\t\t\t<div class=\"elementor-spacer\">\n\t\t\t<div class=\"elementor-spacer-inner\"><\/div>\n\t\t<\/div>\n\t\t\t\t\t\t<\/div>\n\t\t\t\t<\/div>\n\t\t\t\t<div class=\"elementor-element elementor-element-6b7e1aa elementor-widget elementor-widget-spacer\" data-id=\"6b7e1aa\" data-element_type=\"widget\" data-widget_type=\"spacer.default\">\n\t\t\t\t<div class=\"elementor-widget-container\">\n\t\t\t\t\t\t\t<div class=\"elementor-spacer\">\n\t\t\t<div class=\"elementor-spacer-inner\"><\/div>\n\t\t<\/div>\n\t\t\t\t\t\t<\/div>\n\t\t\t\t<\/div>\n\t\t\t\t<div class=\"elementor-element elementor-element-949bda0 elementor-widget elementor-widget-eael-fancy-text\" data-id=\"949bda0\" data-element_type=\"widget\" data-widget_type=\"eael-fancy-text.default\">\n\t\t\t\t<div class=\"elementor-widget-container\">\n\t\t\t\t\t\n\t<div  class=\"eael-fancy-text-container style-1\" data-fancy-text-id=\"949bda0\" data-fancy-text=\"|Arrens Design.\" data-fancy-text-transition-type=\"typing\" data-fancy-text-speed=\"50\" data-fancy-text-delay=\"5000\" data-fancy-text-cursor=\"yes\" data-fancy-text-loop=\"yes\" data-fancy-text-action=\"page_load\" >\n\t\t\t\t\t<span class=\"eael-fancy-text-prefix\">V\u00e4lkommen till  <\/span>\n\t\t\n\t\t\n\t\t\t\t\t<span id=\"eael-fancy-text-949bda0\" class=\"eael-fancy-text-strings solid-color\">\n\t\t\t\t<noscript>\n\t\t\t\t\tArrens Design.\t\t\t\t<\/noscript>\n\t\t\t<\/span>\n\t\t\n\t\t\t<\/div><!-- close .eael-fancy-text-container -->\n\n\t<div class=\"clearfix\"><\/div>\n\n\t\t\t\t\t<\/div>\n\t\t\t\t<\/div>\n\t\t\t\t<div class=\"elementor-element elementor-element-01e17b3 elementor-widget elementor-widget-spacer\" data-id=\"01e17b3\" data-element_type=\"widget\" data-widget_type=\"spacer.default\">\n\t\t\t\t<div class=\"elementor-widget-container\">\n\t\t\t\t\t\t\t<div class=\"elementor-spacer\">\n\t\t\t<div class=\"elementor-spacer-inner\"><\/div>\n\t\t<\/div>\n\t\t\t\t\t\t<\/div>\n\t\t\t\t<\/div>\n\t\t\t\t<div class=\"elementor-element elementor-element-a46d33d elementor-widget-divider--view-line elementor-widget elementor-widget-divider\" data-id=\"a46d33d\" data-element_type=\"widget\" data-widget_type=\"divider.default\">\n\t\t\t\t<div class=\"elementor-widget-container\">\n\t\t\t\t\t\t\t<div class=\"elementor-divider\">\n\t\t\t<span class=\"elementor-divider-separator\">\n\t\t\t\t\t\t<\/span>\n\t\t<\/div>\n\t\t\t\t\t\t<\/div>\n\t\t\t\t<\/div>\n\t\t\t\t\t<\/div>\n\t\t\t\t<\/div>\n\t\t<div class=\"elementor-element elementor-element-d5cfde3 e-flex e-con-boxed e-con e-parent\" data-id=\"d5cfde3\" data-element_type=\"container\" data-settings=\"{&quot;background_background&quot;:&quot;classic&quot;}\">\n\t\t\t\t\t<div class=\"e-con-inner\">\n\t\t\t\t<div class=\"elementor-element elementor-element-3ecd55be elementor-invisible elementor-widget elementor-widget-heading\" data-id=\"3ecd55be\" data-element_type=\"widget\" data-settings=\"{&quot;_animation&quot;:&quot;fadeIn&quot;}\" data-widget_type=\"heading.default\">\n\t\t\t\t<div class=\"elementor-widget-container\">\n\t\t\t\t\t<h1 class=\"elementor-heading-title elementor-size-default\">Hello hello!<\/h1>\t\t\t\t<\/div>\n\t\t\t\t<\/div>\n\t\t\t\t<div class=\"elementor-element elementor-element-32b3f1bc elementor-invisible elementor-widget elementor-widget-heading\" data-id=\"32b3f1bc\" data-element_type=\"widget\" data-settings=\"{&quot;_animation&quot;:&quot;fadeIn&quot;}\" data-widget_type=\"heading.default\">\n\t\t\t\t<div class=\"elementor-widget-container\">\n\t\t\t\t\t<h5 class=\"elementor-heading-title elementor-size-default\">Arrens Design: Fotograf, Webmaster, Grafisk Designer, och Webbutvecklare i \u00d6rnsk\u00f6ldsvik!<span style=\"color: var( --e-global-color-text );font-family: var( --e-global-typography-c05b693-font-family ), Sans-serif;font-size: var( --e-global-typography-c05b693-font-size );font-style: var( --e-global-typography-c05b693-font-style );font-weight: var( --e-global-typography-c05b693-font-weight );letter-spacing: var( --e-global-typography-c05b693-letter-spacing );text-transform: var( --e-global-typography-c05b693-text-transform );background-color: var( --e-global-color-e4cc1e2 )\"><\/span><br><\/h5>\t\t\t\t<\/div>\n\t\t\t\t<\/div>\n\t\t\t\t<div class=\"elementor-element elementor-element-2a921c06 elementor-align-center elementor-invisible elementor-widget elementor-widget-button\" data-id=\"2a921c06\" data-element_type=\"widget\" data-settings=\"{&quot;_animation&quot;:&quot;fadeIn&quot;,&quot;_animation_delay&quot;:400}\" data-widget_type=\"button.default\">\n\t\t\t\t<div class=\"elementor-widget-container\">\n\t\t\t\t\t\t\t\t\t<div class=\"elementor-button-wrapper\">\n\t\t\t\t\t<a class=\"elementor-button elementor-button-link elementor-size-sm\" href=\"https:\/\/www.arrensdesign.com\/index.php\/fotografering\/\">\n\t\t\t\t\t\t<span class=\"elementor-button-content-wrapper\">\n\t\t\t\t\t\t\t\t\t<span class=\"elementor-button-text\">Fotografering<\/span>\n\t\t\t\t\t<\/span>\n\t\t\t\t\t<\/a>\n\t\t\t\t<\/div>\n\t\t\t\t\t\t\t\t<\/div>\n\t\t\t\t<\/div>\n\t\t\t\t\t<\/div>\n\t\t\t\t<\/div>\n\t\t<div class=\"elementor-element elementor-element-4c3cac6b e-flex e-con-boxed e-con e-parent\" data-id=\"4c3cac6b\" data-element_type=\"container\" data-settings=\"{&quot;background_background&quot;:&quot;classic&quot;}\">\n\t\t\t\t\t<div class=\"e-con-inner\">\n\t\t<div class=\"elementor-element elementor-element-34530233 e-con-full e-flex e-con e-child\" data-id=\"34530233\" data-element_type=\"container\" data-settings=\"{&quot;background_background&quot;:&quot;classic&quot;}\">\n\t\t\t\t<\/div>\n\t\t<div class=\"elementor-element elementor-element-38737bf9 e-con-full e-flex e-con e-child\" data-id=\"38737bf9\" data-element_type=\"container\">\n\t\t\t\t<div class=\"elementor-element elementor-element-4fa4a666 elementor-widget elementor-widget-heading\" data-id=\"4fa4a666\" data-element_type=\"widget\" data-widget_type=\"heading.default\">\n\t\t\t\t<div class=\"elementor-widget-container\">\n\t\t\t\t\t<h2 class=\"elementor-heading-title elementor-size-default\">Om mig<\/h2>\t\t\t\t<\/div>\n\t\t\t\t<\/div>\n\t\t\t\t<div class=\"elementor-element elementor-element-a67f6ee elementor-widget elementor-widget-image\" data-id=\"a67f6ee\" data-element_type=\"widget\" data-widget_type=\"image.default\">\n\t\t\t\t<div class=\"elementor-widget-container\">\n\t\t\t\t\t\t\t\t\t\t\t\t\t\t\t<img decoding=\"async\" width=\"300\" height=\"104\" src=\"https:\/\/www.arrensdesign.com\/wp-content\/uploads\/2024\/04\/logo-rose-300x104.png\" class=\"attachment-medium size-medium wp-image-273\" alt=\"\" srcset=\"https:\/\/www.arrensdesign.com\/wp-content\/uploads\/2024\/04\/logo-rose-300x104.png 300w, https:\/\/www.arrensdesign.com\/wp-content\/uploads\/2024\/04\/logo-rose-1024x356.png 1024w, https:\/\/www.arrensdesign.com\/wp-content\/uploads\/2024\/04\/logo-rose-768x267.png 768w, https:\/\/www.arrensdesign.com\/wp-content\/uploads\/2024\/04\/logo-rose.png 1500w\" sizes=\"(max-width: 300px) 100vw, 300px\" \/>\t\t\t\t\t\t\t\t\t\t\t\t\t\t\t<\/div>\n\t\t\t\t<\/div>\n\t\t\t\t<div class=\"elementor-element elementor-element-3e691c69 elementor-widget elementor-widget-text-editor\" data-id=\"3e691c69\" data-element_type=\"widget\" data-widget_type=\"text-editor.default\">\n\t\t\t\t<div class=\"elementor-widget-container\">\n\t\t\t\t\t\t\t\t\t<p>Hall\u00e5 hall\u00e5! Det \u00e4r jag som \u00e4r Rut Frisk, ocks\u00e5 k\u00e4nd som Arren, skaparen och \u00e4garen av Arrens Design.<\/p>\n<p>Jag \u00e4r fotograf, webmaster, grafisk designer och webbutvecklare som just nu utg\u00e5r ifr\u00e5n \u00d6rnsk\u00f6ldsvik.&nbsp; F\u00f6r tillf\u00e4llet studerar jag till systemutvecklare och h\u00e5ller ut\u00f6ver det p\u00e5 med en del frilansjobb och fotografering p\u00e5 sidan av. Kontakta mig g\u00e4rna om du skulle vara intresserad av att anlita mig f\u00f6r n\u00e5got eller boka in en fotografering,&nbsp; jag ser fram emot att f\u00e5 h\u00f6ra fr\u00e5n just dig!<\/p>\n<p>Du kan ocks\u00e5 l\u00e4sa mer om vilka olika fotopaket jag erbjuder under fliken fotografering!<\/p>\n<p>Ut\u00f6ver fotografering gillar jag att g\u00f6ra det mesta som \u00e4r kreativt, sy, sticka, virka, m\u00e5la, baka, odla, programmera spel, spela br\u00e4dspel och DND, lyssna p\u00e5 musik och sjunga. S\u00e5 m\u00e5nga intressen s\u00e5 lite tid! Mest f\u00f6r att majoriteten av min tid l\u00e4ggs p\u00e5 att vara med min familj som best\u00e5r av min man, min son (f\u00f6dd 2023) samt bebis som kommer v\u00e5ren 2025!&nbsp;<\/p>\t\t\t\t\t\t\t\t<\/div>\n\t\t\t\t<\/div>\n\t\t\t\t<div class=\"elementor-element elementor-element-177f164e elementor-mobile-align-center elementor-tablet-align-center elementor-align-left elementor-invisible elementor-widget elementor-widget-button\" data-id=\"177f164e\" data-element_type=\"widget\" data-settings=\"{&quot;_animation&quot;:&quot;fadeIn&quot;}\" data-widget_type=\"button.default\">\n\t\t\t\t<div class=\"elementor-widget-container\">\n\t\t\t\t\t\t\t\t\t<div class=\"elementor-button-wrapper\">\n\t\t\t\t\t<a class=\"elementor-button elementor-button-link elementor-size-md\" href=\"https:\/\/www.arrensdesign.com\/index.php\/contact\/\">\n\t\t\t\t\t\t<span class=\"elementor-button-content-wrapper\">\n\t\t\t\t\t\t<span class=\"elementor-button-icon\">\n\t\t\t\t<i aria-hidden=\"true\" class=\"far fa-comments\"><\/i>\t\t\t<\/span>\n\t\t\t\t\t\t\t\t\t<span class=\"elementor-button-text\">Kontakta mig<\/span>\n\t\t\t\t\t<\/span>\n\t\t\t\t\t<\/a>\n\t\t\t\t<\/div>\n\t\t\t\t\t\t\t\t<\/div>\n\t\t\t\t<\/div>\n\t\t\t\t<div class=\"elementor-element elementor-element-c3549a6 elementor-mobile-align-center elementor-tablet-align-center elementor-align-left elementor-invisible elementor-widget elementor-widget-button\" data-id=\"c3549a6\" data-element_type=\"widget\" data-settings=\"{&quot;_animation&quot;:&quot;fadeIn&quot;}\" data-widget_type=\"button.default\">\n\t\t\t\t<div class=\"elementor-widget-container\">\n\t\t\t\t\t\t\t\t\t<div class=\"elementor-button-wrapper\">\n\t\t\t\t\t<a class=\"elementor-button elementor-button-link elementor-size-md\" href=\"https:\/\/www.arrensdesign.com\/index.php\/fotografering\/\">\n\t\t\t\t\t\t<span class=\"elementor-button-content-wrapper\">\n\t\t\t\t\t\t<span class=\"elementor-button-icon\">\n\t\t\t\t<i aria-hidden=\"true\" class=\"fas fa-camera\"><\/i>\t\t\t<\/span>\n\t\t\t\t\t\t\t\t\t<span class=\"elementor-button-text\">Fotografering<\/span>\n\t\t\t\t\t<\/span>\n\t\t\t\t\t<\/a>\n\t\t\t\t<\/div>\n\t\t\t\t\t\t\t\t<\/div>\n\t\t\t\t<\/div>\n\t\t\t\t<\/div>\n\t\t\t\t\t<\/div>\n\t\t\t\t<\/div>\n\t\t<div class=\"elementor-element elementor-element-cdeae0b e-flex e-con-boxed e-con e-parent\" data-id=\"cdeae0b\" data-element_type=\"container\">\n\t\t\t\t\t<div class=\"e-con-inner\">\n\t\t\t\t<div class=\"elementor-element elementor-element-e1f76bd elementor-widget-divider--view-line elementor-widget elementor-widget-divider\" data-id=\"e1f76bd\" data-element_type=\"widget\" data-widget_type=\"divider.default\">\n\t\t\t\t<div class=\"elementor-widget-container\">\n\t\t\t\t\t\t\t<div class=\"elementor-divider\">\n\t\t\t<span class=\"elementor-divider-separator\">\n\t\t\t\t\t\t<\/span>\n\t\t<\/div>\n\t\t\t\t\t\t<\/div>\n\t\t\t\t<\/div>\n\t\t\t\t<div class=\"elementor-element elementor-element-3409634 premium-blog-align-center premium-blog-cta-full-yes elementor-widget elementor-widget-premium-addon-blog\" data-id=\"3409634\" data-element_type=\"widget\" data-settings=\"{&quot;premium_blog_carousel&quot;:&quot;yes&quot;,&quot;carousel_speed&quot;:300,&quot;premium_blog_carousel_spacing&quot;:&quot;15&quot;,&quot;premium_blog_carousel_arrows&quot;:&quot;yes&quot;}\" data-widget_type=\"premium-addon-blog.default\">\n\t\t\t\t<div class=\"elementor-widget-container\">\n\t\t\t\t\t\t\t<div class=\"premium-error-notice\">\n\t\t\tThe current query has no posts. Please make sure you have published items matching your query.\t\t<\/div>\n\t\t\t\t\t\t<\/div>\n\t\t\t\t<\/div>\n\t\t\t\t\t<\/div>\n\t\t\t\t<\/div>\n\t\t\t\t<\/div>\n\t\t","protected":false},"excerpt":{"rendered":"<p>V\u00e4lkommen till Arrens Design. Hello hello! Arrens Design: Fotograf, Webmaster, Grafisk Designer, och Webbutvecklare i \u00d6rnsk\u00f6ldsvik! Fotografering Om mig Hall\u00e5 hall\u00e5! Det \u00e4r jag som \u00e4r Rut Frisk, ocks\u00e5 k\u00e4nd som Arren, skaparen och \u00e4garen av Arrens Design. Jag \u00e4r fotograf, webmaster, grafisk designer och webbutvecklare som just nu utg\u00e5r ifr\u00e5n \u00d6rnsk\u00f6ldsvik.&nbsp; F\u00f6r tillf\u00e4llet studerar [&hellip;]<\/p>\n","protected":false},"author":1,"featured_media":0,"parent":0,"menu_order":0,"comment_status":"closed","ping_status":"closed","template":"elementor_header_footer","meta":{"footnotes":""},"class_list":["post-36","page","type-page","status-publish","hentry"],"yoast_head":"<!-- This site is optimized with the Yoast SEO plugin v26.2 - https:\/\/yoast.com\/wordpress\/plugins\/seo\/ -->\n<title>Hem &#8211; Arrens Design<\/title>\n<meta name=\"robots\" content=\"index, follow, max-snippet:-1, max-image-preview:large, max-video-preview:-1\" \/>\n<link rel=\"canonical\" href=\"https:\/\/www.arrensdesign.com\/\" \/>\n<meta property=\"og:locale\" content=\"en_US\" \/>\n<meta property=\"og:type\" content=\"article\" \/>\n<meta property=\"og:title\" content=\"Hem &#8211; Arrens Design\" \/>\n<meta property=\"og:description\" content=\"V\u00e4lkommen till Arrens Design. Hello hello! Arrens Design: Fotograf, Webmaster, Grafisk Designer, och Webbutvecklare i \u00d6rnsk\u00f6ldsvik! Fotografering Om mig Hall\u00e5 hall\u00e5! Det \u00e4r jag som \u00e4r Rut Frisk, ocks\u00e5 k\u00e4nd som Arren, skaparen och \u00e4garen av Arrens Design. Jag \u00e4r fotograf, webmaster, grafisk designer och webbutvecklare som just nu utg\u00e5r ifr\u00e5n \u00d6rnsk\u00f6ldsvik.&nbsp; F\u00f6r tillf\u00e4llet studerar [&hellip;]\" \/>\n<meta property=\"og:url\" content=\"https:\/\/www.arrensdesign.com\/\" \/>\n<meta property=\"og:site_name\" content=\"Arrens Design\" \/>\n<meta property=\"article:modified_time\" content=\"2024-12-10T08:24:06+00:00\" \/>\n<meta property=\"og:image\" content=\"https:\/\/www.arrensdesign.com\/wp-content\/uploads\/2024\/04\/logo-rose.png\" \/>\n\t<meta property=\"og:image:width\" content=\"1500\" \/>\n\t<meta property=\"og:image:height\" content=\"521\" \/>\n\t<meta property=\"og:image:type\" content=\"image\/png\" \/>\n<meta name=\"twitter:card\" content=\"summary_large_image\" \/>\n<meta name=\"twitter:label1\" content=\"Est. reading time\" \/>\n\t<meta name=\"twitter:data1\" content=\"2 minutes\" \/>\n<script type=\"application\/ld+json\" class=\"yoast-schema-graph\">{\"@context\":\"https:\/\/schema.org\",\"@graph\":[{\"@type\":\"WebPage\",\"@id\":\"https:\/\/www.arrensdesign.com\/\",\"url\":\"https:\/\/www.arrensdesign.com\/\",\"name\":\"Hem &#8211; Arrens Design\",\"isPartOf\":{\"@id\":\"https:\/\/www.arrensdesign.com\/#website\"},\"primaryImageOfPage\":{\"@id\":\"https:\/\/www.arrensdesign.com\/#primaryimage\"},\"image\":{\"@id\":\"https:\/\/www.arrensdesign.com\/#primaryimage\"},\"thumbnailUrl\":\"https:\/\/www.arrensdesign.com\/wp-content\/uploads\/2024\/04\/logo-rose-300x104.png\",\"datePublished\":\"2023-10-05T15:47:09+00:00\",\"dateModified\":\"2024-12-10T08:24:06+00:00\",\"breadcrumb\":{\"@id\":\"https:\/\/www.arrensdesign.com\/#breadcrumb\"},\"inLanguage\":\"en-US\",\"potentialAction\":[{\"@type\":\"ReadAction\",\"target\":[\"https:\/\/www.arrensdesign.com\/\"]}]},{\"@type\":\"ImageObject\",\"inLanguage\":\"en-US\",\"@id\":\"https:\/\/www.arrensdesign.com\/#primaryimage\",\"url\":\"https:\/\/www.arrensdesign.com\/wp-content\/uploads\/2024\/04\/logo-rose.png\",\"contentUrl\":\"https:\/\/www.arrensdesign.com\/wp-content\/uploads\/2024\/04\/logo-rose.png\",\"width\":1500,\"height\":521},{\"@type\":\"BreadcrumbList\",\"@id\":\"https:\/\/www.arrensdesign.com\/#breadcrumb\",\"itemListElement\":[{\"@type\":\"ListItem\",\"position\":1,\"name\":\"Home\",\"item\":\"https:\/\/www.arrensdesign.com\/\"},{\"@type\":\"ListItem\",\"position\":2,\"name\":\"Hem\"}]},{\"@type\":\"WebSite\",\"@id\":\"https:\/\/www.arrensdesign.com\/#website\",\"url\":\"https:\/\/www.arrensdesign.com\/\",\"name\":\"Arrens Design\",\"description\":\"Let me be the one to tell your story\",\"publisher\":{\"@id\":\"https:\/\/www.arrensdesign.com\/#\/schema\/person\/75ad2851e4a2081e3f8be7a2007162cd\"},\"potentialAction\":[{\"@type\":\"SearchAction\",\"target\":{\"@type\":\"EntryPoint\",\"urlTemplate\":\"https:\/\/www.arrensdesign.com\/?s={search_term_string}\"},\"query-input\":{\"@type\":\"PropertyValueSpecification\",\"valueRequired\":true,\"valueName\":\"search_term_string\"}}],\"inLanguage\":\"en-US\"},{\"@type\":[\"Person\",\"Organization\"],\"@id\":\"https:\/\/www.arrensdesign.com\/#\/schema\/person\/75ad2851e4a2081e3f8be7a2007162cd\",\"name\":\"Arren\",\"image\":{\"@type\":\"ImageObject\",\"inLanguage\":\"en-US\",\"@id\":\"https:\/\/www.arrensdesign.com\/#\/schema\/person\/image\/\",\"url\":\"https:\/\/www.arrensdesign.com\/wp-content\/uploads\/2024\/04\/logo-square.png\",\"contentUrl\":\"https:\/\/www.arrensdesign.com\/wp-content\/uploads\/2024\/04\/logo-square.png\",\"width\":1500,\"height\":1500,\"caption\":\"Arren\"},\"logo\":{\"@id\":\"https:\/\/www.arrensdesign.com\/#\/schema\/person\/image\/\"},\"sameAs\":[\"https:\/\/wp.arrensdesign.com\"]}]}<\/script>\n<!-- \/ Yoast SEO plugin. -->","yoast_head_json":{"title":"Hem &#8211; Arrens Design","robots":{"index":"index","follow":"follow","max-snippet":"max-snippet:-1","max-image-preview":"max-image-preview:large","max-video-preview":"max-video-preview:-1"},"canonical":"https:\/\/www.arrensdesign.com\/","og_locale":"en_US","og_type":"article","og_title":"Hem &#8211; Arrens Design","og_description":"V\u00e4lkommen till Arrens Design. Hello hello! Arrens Design: Fotograf, Webmaster, Grafisk Designer, och Webbutvecklare i \u00d6rnsk\u00f6ldsvik! Fotografering Om mig Hall\u00e5 hall\u00e5! Det \u00e4r jag som \u00e4r Rut Frisk, ocks\u00e5 k\u00e4nd som Arren, skaparen och \u00e4garen av Arrens Design. Jag \u00e4r fotograf, webmaster, grafisk designer och webbutvecklare som just nu utg\u00e5r ifr\u00e5n \u00d6rnsk\u00f6ldsvik.&nbsp; F\u00f6r tillf\u00e4llet studerar [&hellip;]","og_url":"https:\/\/www.arrensdesign.com\/","og_site_name":"Arrens Design","article_modified_time":"2024-12-10T08:24:06+00:00","og_image":[{"width":1500,"height":521,"url":"https:\/\/www.arrensdesign.com\/wp-content\/uploads\/2024\/04\/logo-rose.png","type":"image\/png"}],"twitter_card":"summary_large_image","twitter_misc":{"Est. reading time":"2 minutes"},"schema":{"@context":"https:\/\/schema.org","@graph":[{"@type":"WebPage","@id":"https:\/\/www.arrensdesign.com\/","url":"https:\/\/www.arrensdesign.com\/","name":"Hem &#8211; Arrens Design","isPartOf":{"@id":"https:\/\/www.arrensdesign.com\/#website"},"primaryImageOfPage":{"@id":"https:\/\/www.arrensdesign.com\/#primaryimage"},"image":{"@id":"https:\/\/www.arrensdesign.com\/#primaryimage"},"thumbnailUrl":"https:\/\/www.arrensdesign.com\/wp-content\/uploads\/2024\/04\/logo-rose-300x104.png","datePublished":"2023-10-05T15:47:09+00:00","dateModified":"2024-12-10T08:24:06+00:00","breadcrumb":{"@id":"https:\/\/www.arrensdesign.com\/#breadcrumb"},"inLanguage":"en-US","potentialAction":[{"@type":"ReadAction","target":["https:\/\/www.arrensdesign.com\/"]}]},{"@type":"ImageObject","inLanguage":"en-US","@id":"https:\/\/www.arrensdesign.com\/#primaryimage","url":"https:\/\/www.arrensdesign.com\/wp-content\/uploads\/2024\/04\/logo-rose.png","contentUrl":"https:\/\/www.arrensdesign.com\/wp-content\/uploads\/2024\/04\/logo-rose.png","width":1500,"height":521},{"@type":"BreadcrumbList","@id":"https:\/\/www.arrensdesign.com\/#breadcrumb","itemListElement":[{"@type":"ListItem","position":1,"name":"Home","item":"https:\/\/www.arrensdesign.com\/"},{"@type":"ListItem","position":2,"name":"Hem"}]},{"@type":"WebSite","@id":"https:\/\/www.arrensdesign.com\/#website","url":"https:\/\/www.arrensdesign.com\/","name":"Arrens Design","description":"Let me be the one to tell your story","publisher":{"@id":"https:\/\/www.arrensdesign.com\/#\/schema\/person\/75ad2851e4a2081e3f8be7a2007162cd"},"potentialAction":[{"@type":"SearchAction","target":{"@type":"EntryPoint","urlTemplate":"https:\/\/www.arrensdesign.com\/?s={search_term_string}"},"query-input":{"@type":"PropertyValueSpecification","valueRequired":true,"valueName":"search_term_string"}}],"inLanguage":"en-US"},{"@type":["Person","Organization"],"@id":"https:\/\/www.arrensdesign.com\/#\/schema\/person\/75ad2851e4a2081e3f8be7a2007162cd","name":"Arren","image":{"@type":"ImageObject","inLanguage":"en-US","@id":"https:\/\/www.arrensdesign.com\/#\/schema\/person\/image\/","url":"https:\/\/www.arrensdesign.com\/wp-content\/uploads\/2024\/04\/logo-square.png","contentUrl":"https:\/\/www.arrensdesign.com\/wp-content\/uploads\/2024\/04\/logo-square.png","width":1500,"height":1500,"caption":"Arren"},"logo":{"@id":"https:\/\/www.arrensdesign.com\/#\/schema\/person\/image\/"},"sameAs":["https:\/\/wp.arrensdesign.com"]}]}},"_links":{"self":[{"href":"https:\/\/www.arrensdesign.com\/index.php\/wp-json\/wp\/v2\/pages\/36","targetHints":{"allow":["GET"]}}],"collection":[{"href":"https:\/\/www.arrensdesign.com\/index.php\/wp-json\/wp\/v2\/pages"}],"about":[{"href":"https:\/\/www.arrensdesign.com\/index.php\/wp-json\/wp\/v2\/types\/page"}],"author":[{"embeddable":true,"href":"https:\/\/www.arrensdesign.com\/index.php\/wp-json\/wp\/v2\/users\/1"}],"replies":[{"embeddable":true,"href":"https:\/\/www.arrensdesign.com\/index.php\/wp-json\/wp\/v2\/comments?post=36"}],"version-history":[{"count":98,"href":"https:\/\/www.arrensdesign.com\/index.php\/wp-json\/wp\/v2\/pages\/36\/revisions"}],"predecessor-version":[{"id":455,"href":"https:\/\/www.arrensdesign.com\/index.php\/wp-json\/wp\/v2\/pages\/36\/revisions\/455"}],"wp:attachment":[{"href":"https:\/\/www.arrensdesign.com\/index.php\/wp-json\/wp\/v2\/media?parent=36"}],"curies":[{"name":"wp","href":"https:\/\/api.w.org\/{rel}","templated":true}]}}